{"id":442,"date":"2021-08-15T21:44:24","date_gmt":"2021-08-15T19:44:24","guid":{"rendered":"http:\/\/lavieennous.fr\/?page_id=442"},"modified":"2022-06-22T20:36:48","modified_gmt":"2022-06-22T18:36:48","slug":"tarifs","status":"publish","type":"page","link":"https:\/\/lavieennous.fr\/?page_id=442","title":{"rendered":"Tarifs \/ Planning"},"content":{"rendered":"\n<div class=\"wp-block-columns\">\n<div class=\"wp-block-column\">\n<p><strong>TARIFS<\/strong><\/p>\n\n\n\n<p class=\"has-text-align-center has-nv-site-bg-color has-text-color has-background\" style=\"background-color:#0071a1\"><strong>S\u00e9ance individuelle<\/strong>&nbsp;: 50 \u20ac<br><strong>S\u00e9ance de groupe<\/strong>&nbsp;: 120 \u20ac pour un forfait de 8 s\u00e9ances<br><br>Le r\u00e8glement se fait par ch\u00e8que ou esp\u00e8ce.<\/p>\n<\/div>\n<\/div>\n\n\n\n<p><strong>PLANNING<\/strong><\/p>\n\n\n\n<p><strong>S\u00e9ance individuelle<\/strong>\u00a0: sur RDV uniquement<br><strong>S\u00e9ance de groupe<\/strong>\u00a0: me contacter<br><\/p>\n\n\n\n<p>Les s\u00e9ances individuelles peuvent \u00e9ventuellement se d\u00e9rouler, selon mes disponibilit\u00e9s, \u00e0 domicile sur la commune de Grenoble.<\/p>\n\n\n\n<p><\/p>\n\n\n\n<p>Je partage le sophrocentre avec Elisabeth Balas-Cretin : http:\/\/www.vivre-sa-vie.fr\/web\/<\/p>\n","protected":false},"excerpt":{"rendered":"<p>TARIFS S\u00e9ance individuelle&nbsp;: 50 \u20acS\u00e9ance de groupe&nbsp;: 120 \u20ac pour un forfait de 8 s\u00e9ances Le r\u00e8glement se fait par ch\u00e8que ou esp\u00e8ce. PLANNING S\u00e9ance individuelle\u00a0: sur RDV uniquementS\u00e9ance de groupe\u00a0: me contacter Les s\u00e9ances individuelles peuvent \u00e9ventuellement se d\u00e9rouler, selon mes disponibilit\u00e9s, \u00e0 domicile sur la commune de Grenoble. Je partage le sophrocentre avec&hellip;&nbsp;<a href=\"https:\/\/lavieennous.fr\/?page_id=442\" class=\"\" rel=\"bookmark\">Lire la suite &raquo;<span class=\"screen-reader-text\">Tarifs \/ Planning<\/span><\/a><\/p>\n","protected":false},"author":2,"featured_media":0,"parent":0,"menu_order":0,"comment_status":"closed","ping_status":"closed","template":"","meta":{"neve_meta_sidebar":"full-width","neve_meta_container":"","neve_meta_enable_content_width":"on","neve_meta_content_width":100,"neve_meta_title_alignment":"center","neve_meta_author_avatar":"","neve_post_elements_order":"","neve_meta_disable_header":"","neve_meta_disable_footer":"","neve_meta_disable_title":""},"_links":{"self":[{"href":"https:\/\/lavieennous.fr\/index.php?rest_route=\/wp\/v2\/pages\/442"}],"collection":[{"href":"https:\/\/lavieennous.fr\/index.php?rest_route=\/wp\/v2\/pages"}],"about":[{"href":"https:\/\/lavieennous.fr\/index.php?rest_route=\/wp\/v2\/types\/page"}],"author":[{"embeddable":true,"href":"https:\/\/lavieennous.fr\/index.php?rest_route=\/wp\/v2\/users\/2"}],"replies":[{"embeddable":true,"href":"https:\/\/lavieennous.fr\/index.php?rest_route=%2Fwp%2Fv2%2Fcomments&post=442"}],"version-history":[{"count":16,"href":"https:\/\/lavieennous.fr\/index.php?rest_route=\/wp\/v2\/pages\/442\/revisions"}],"predecessor-version":[{"id":652,"href":"https:\/\/lavieennous.fr\/index.php?rest_route=\/wp\/v2\/pages\/442\/revisions\/652"}],"wp:attachment":[{"href":"https:\/\/lavieennous.fr\/index.php?rest_route=%2Fwp%2Fv2%2Fmedia&parent=442"}],"curies":[{"name":"wp","href":"https:\/\/api.w.org\/{rel}","templated":true}]}}